{"id":19494,"date":"2020-04-21T10:34:30","date_gmt":"2020-04-21T14:34:30","guid":{"rendered":"http:\/\/southshorecac.org\/wp2\/?page_id=19494"},"modified":"2020-04-21T10:34:30","modified_gmt":"2020-04-21T14:34:30","slug":"2017%e9%a6%99%e6%9f%8f%e5%9c%98%e5%a4%96%e9%81%8a-parc-andre-j-cote","status":"publish","type":"page","link":"https:\/\/southshorecac.org\/wp2\/?page_id=19494","title":{"rendered":"2017\u9999\u67cf\u5718\u5916\u904a Parc Andr\u00e9-J.-C\u00f4t\u00e9"},"content":{"rendered":"ngg_shortcode_0_placeholder\n","protected":false},"excerpt":{"rendered":"","protected":false},"author":1,"featured_media":0,"parent":0,"menu_order":0,"comment_status":"closed","ping_status":"closed","template":"","meta":{"ngg_post_thumbnail":0,"footnotes":""},"class_list":["post-19494","page","type-page","status-publish","hentry"],"_links":{"self":[{"href":"https:\/\/southshorecac.org\/wp2\/index.php?rest_route=\/wp\/v2\/pages\/19494","targetHints":{"allow":["GET"]}}],"collection":[{"href":"https:\/\/southshorecac.org\/wp2\/index.php?rest_route=\/wp\/v2\/pages"}],"about":[{"href":"https:\/\/southshorecac.org\/wp2\/index.php?rest_route=\/wp\/v2\/types\/page"}],"author":[{"embeddable":true,"href":"https:\/\/southshorecac.org\/wp2\/index.php?rest_route=\/wp\/v2\/users\/1"}],"replies":[{"embeddable":true,"href":"https:\/\/southshorecac.org\/wp2\/index.php?rest_route=%2Fwp%2Fv2%2Fcomments&post=19494"}],"version-history":[{"count":0,"href":"https:\/\/southshorecac.org\/wp2\/index.php?rest_route=\/wp\/v2\/pages\/19494\/revisions"}],"wp:attachment":[{"href":"https:\/\/southshorecac.org\/wp2\/index.php?rest_route=%2Fwp%2Fv2%2Fmedia&parent=19494"}],"curies":[{"name":"wp","href":"https:\/\/api.w.org\/{rel}","templated":true}]}}